{"id":25518,"date":"2021-01-05T18:47:57","date_gmt":"2021-01-05T18:47:57","guid":{"rendered":"https:\/\/estudio-mpc.com\/?page_id=25518"},"modified":"2021-11-25T17:19:08","modified_gmt":"2021-11-25T17:19:08","slug":"blog","status":"publish","type":"page","link":"https:\/\/estudio-mpc.com\/index.php\/blog\/","title":{"rendered":"Blog"},"content":{"rendered":"\t\t<div data-elementor-type=\"wp-page\" data-elementor-id=\"25518\" class=\"elementor elementor-25518\" data-elementor-settings=\"[]\">\n\t\t\t\t\t\t<div class=\"elementor-inner\">\n\t\t\t\t\t\t\t<div class=\"elementor-section-wrap\">\n\t\t\t\t\t\t\t<section class=\"elementor-section elementor-top-section elementor-element elementor-element-36289fd0 elementor-section-boxed elementor-section-height-default elementor-section-height-default\" data-id=\"36289fd0\" data-element_type=\"section\" data-settings=\"{&quot;background_background&quot;:&quot;classic&quot;}\">\n\t\t\t\t\t\t\t<div class=\"elementor-background-overlay\"><\/div>\n\t\t\t\t\t\t\t<div class=\"elementor-container elementor-column-gap-default\">\n\t\t\t\t\t\t\t<div class=\"elementor-row\">\n\t\t\t\t\t<div class=\"elementor-column elementor-col-100 elementor-top-column elementor-element elementor-element-5d1d8319\" data-id=\"5d1d8319\" data-element_type=\"column\">\n\t\t\t<div class=\"elementor-column-wrap elementor-element-populated\">\n\t\t\t\t\t\t\t<div class=\"elementor-widget-wrap\">\n\t\t\t\t\t\t<div class=\"elementor-element elementor-element-b87ce48 elementor-widget elementor-widget-heading\" data-id=\"b87ce48\" data-element_type=\"widget\" data-widget_type=\"heading.default\">\n\t\t\t\t<div class=\"elementor-widget-container\">\n\t\t\t<h2 class=\"elementor-heading-title elementor-size-default\">Blog<\/h2>\t\t<\/div>\n\t\t\t\t<\/div>\n\t\t\t\t\t\t<\/div>\n\t\t\t\t\t<\/div>\n\t\t<\/div>\n\t\t\t\t\t\t\t\t<\/div>\n\t\t\t\t\t<\/div>\n\t\t<\/section>\n\t\t\t\t<section class=\"elementor-section elementor-top-section elementor-element elementor-element-1819a27 elementor-section-boxed elementor-section-height-default elementor-section-height-default\" data-id=\"1819a27\" data-element_type=\"section\">\n\t\t\t\t\t\t<div class=\"elementor-container elementor-column-gap-no\">\n\t\t\t\t\t\t\t<div class=\"elementor-row\">\n\t\t\t\t\t<div class=\"elementor-column elementor-col-100 elementor-top-column elementor-element elementor-element-f2015fe\" data-id=\"f2015fe\" data-element_type=\"column\">\n\t\t\t<div class=\"elementor-column-wrap elementor-element-populated\">\n\t\t\t\t\t\t\t<div class=\"elementor-widget-wrap\">\n\t\t\t\t\t\t<section class=\"elementor-section elementor-inner-section elementor-element elementor-element-d2d8746 elementor-section-boxed elementor-section-height-default elementor-section-height-default\" data-id=\"d2d8746\" data-element_type=\"section\">\n\t\t\t\t\t\t<div class=\"elementor-container elementor-column-gap-no\">\n\t\t\t\t\t\t\t<div class=\"elementor-row\">\n\t\t\t\t\t<div class=\"elementor-column elementor-col-50 elementor-inner-column elementor-element elementor-element-39a1c49\" data-id=\"39a1c49\" data-element_type=\"column\">\n\t\t\t<div class=\"elementor-column-wrap elementor-element-populated\">\n\t\t\t\t\t\t\t<div class=\"elementor-widget-wrap\">\n\t\t\t\t\t\t<div class=\"elementor-element elementor-element-2e9682fa elementor-widget elementor-widget-heading\" data-id=\"2e9682fa\" data-element_type=\"widget\" data-widget_type=\"heading.default\">\n\t\t\t\t<div class=\"elementor-widget-container\">\n\t\t\t<h1 class=\"elementor-heading-title elementor-size-default\">Nuestro espacio<\/h1>\t\t<\/div>\n\t\t\t\t<\/div>\n\t\t\t\t<div class=\"elementor-element elementor-element-1cfc4dff elementor-widget-divider--view-line elementor-widget elementor-widget-divider\" data-id=\"1cfc4dff\" data-element_type=\"widget\" data-widget_type=\"divider.default\">\n\t\t\t\t<div class=\"elementor-widget-container\">\n\t\t\t\t\t<div class=\"elementor-divider\">\n\t\t\t<span class=\"elementor-divider-separator\">\n\t\t\t\t\t\t<\/span>\n\t\t<\/div>\n\t\t\t\t<\/div>\n\t\t\t\t<\/div>\n\t\t\t\t\t\t<\/div>\n\t\t\t\t\t<\/div>\n\t\t<\/div>\n\t\t\t\t<div class=\"elementor-column elementor-col-50 elementor-inner-column elementor-element elementor-element-a637c4c\" data-id=\"a637c4c\" data-element_type=\"column\">\n\t\t\t<div class=\"elementor-column-wrap elementor-element-populated\">\n\t\t\t\t\t\t\t<div class=\"elementor-widget-wrap\">\n\t\t\t\t\t\t<div class=\"elementor-element elementor-element-619b496 elementor-widget elementor-widget-text-editor\" data-id=\"619b496\" data-element_type=\"widget\" data-widget_type=\"text-editor.default\">\n\t\t\t\t<div class=\"elementor-widget-container\">\n\t\t\t\t\t<div class=\"elementor-text-editor elementor-clearfix\"><p>Bienvenidos a nuestro espacio! Donde vas a encontrar informaci\u00f3n sobre la actualidad y todos los aspectos que afectan al derecho.<\/p><\/div>\n\t\t\t\t<\/div>\n\t\t\t\t<\/div>\n\t\t\t\t\t\t<\/div>\n\t\t\t\t\t<\/div>\n\t\t<\/div>\n\t\t\t\t\t\t\t\t<\/div>\n\t\t\t\t\t<\/div>\n\t\t<\/section>\n\t\t\t\t<div class=\"elementor-element elementor-element-971c403 elementor-widget elementor-widget-spacer\" data-id=\"971c403\" data-element_type=\"widget\" data-widget_type=\"spacer.default\">\n\t\t\t\t<div class=\"elementor-widget-container\">\n\t\t\t\t\t<div class=\"elementor-spacer\">\n\t\t\t<div class=\"elementor-spacer-inner\"><\/div>\n\t\t<\/div>\n\t\t\t\t<\/div>\n\t\t\t\t<\/div>\n\t\t\t\t<div class=\"elementor-element elementor-element-20a2de8 elementor-grid-eael-col-4 elementor-grid-tablet-eael-col-2 elementor-grid-mobile-eael-col-1 elementor-widget elementor-widget-eael-post-grid\" data-id=\"20a2de8\" data-element_type=\"widget\" data-settings=\"{&quot;eael_post_grid_columns&quot;:&quot;eael-col-4&quot;,&quot;eael_post_grid_columns_tablet&quot;:&quot;eael-col-2&quot;,&quot;eael_post_grid_columns_mobile&quot;:&quot;eael-col-1&quot;}\" data-widget_type=\"eael-post-grid.default\">\n\t\t\t\t<div class=\"elementor-widget-container\">\n\t\t\t<div id=\"eael-post-grid-20a2de8\" class=\"eael-post-grid-container\">\n            <div class=\"eael-post-grid eael-post-appender eael-post-appender-20a2de8 eael-post-grid-style-default\" data-layout-mode=\"masonry\"><article class=\"eael-grid-post eael-post-grid-column\" data-id=\"26402\">\n        <div class=\"eael-grid-post-holder\">\n            <div class=\"eael-grid-post-holder-inner\"><div class=\"eael-entry-wrapper\"><header class=\"eael-entry-header\"><h2 class=\"eael-entry-title\"><a\n                        class=\"eael-grid-post-link\"\n                        href=\"https:\/\/estudio-mpc.com\/index.php\/2026\/04\/16\/fallo-historico-de-la-corte-suprema-sobre-competencia-en-relaciones-de-consumo-digitales\/\"\n                        title=\"Fallo hist\u00f3rico de la Corte Suprema de Justicia de la Naci\u00f3n sobre competencia en relaciones de consumo en CABA\"\n                        \n                        \n                        >Fallo hist\u00f3rico de la Corte Suprema de Justicia de la Naci\u00f3n sobre competencia en relaciones de consumo en CABA<\/a><\/h2><\/header><div class=\"eael-entry-content\">\n                        <div class=\"eael-grid-post-excerpt\"><p>Caso \u201cC.J.P c\/ Telef\u00f3nica M\u00f3viles Argentina S.A.\u201d En un pronunciamiento de alto impacto institucional, la Corte Suprema de Justicia de...<\/p><a\n                            href=\"https:\/\/estudio-mpc.com\/index.php\/2026\/04\/16\/fallo-historico-de-la-corte-suprema-sobre-competencia-en-relaciones-de-consumo-digitales\/\"\n                            class=\"eael-post-elements-readmore-btn\"\n                            \n                            \n                            >Leer m\u00e1s<\/a><\/div>\n                    <\/div><div class=\"eael-entry-footer\"><div class=\"eael-author-avatar\"><a href=\"https:\/\/estudio-mpc.com\/index.php\/author\/cpc_2n6tv9bd\/\"><img alt='' src='https:\/\/secure.gravatar.com\/avatar\/1072af9685c7ae74394e616e7d347071?s=96&#038;d=mm&#038;r=g' srcset='https:\/\/secure.gravatar.com\/avatar\/1072af9685c7ae74394e616e7d347071?s=192&#038;d=mm&#038;r=g 2x' class='avatar avatar-96 photo' height='96' width='96' loading='lazy'\/><\/a><\/div><div class=\"eael-entry-meta\"><span class=\"eael-posted-by\"><a href=\"https:\/\/estudio-mpc.com\/index.php\/author\/cpc_2n6tv9bd\/\" title=\"Entradas de Estudio MPC\" rel=\"author\"  itemprop=\"author\" itemscope=\"itemscope\" itemtype=\"https:\/\/schema.org\/Person\">Estudio MPC<\/a><\/span><span class=\"eael-posted-on\"><time datetime=\"abril 16, 2026\">abril 16, 2026<\/time><\/span><\/div><\/div><\/div><\/div>\n        <\/div>\n    <\/article><article class=\"eael-grid-post eael-post-grid-column\" data-id=\"26396\">\n        <div class=\"eael-grid-post-holder\">\n            <div class=\"eael-grid-post-holder-inner\"><div class=\"eael-entry-wrapper\"><header class=\"eael-entry-header\"><h2 class=\"eael-entry-title\"><a\n                        class=\"eael-grid-post-link\"\n                        href=\"https:\/\/estudio-mpc.com\/index.php\/2026\/03\/30\/medida-cautelar-contra-la-reforma-laboral-modernizacion\/\"\n                        title=\"MEDIDA CAUTELAR CONTRA LA REFORMA LABORAL \u00abMODERNIZACION\u00bb\"\n                        \n                        \n                        >MEDIDA CAUTELAR CONTRA LA REFORMA LABORAL \u00abMODERNIZACION\u00bb<\/a><\/h2><\/header><div class=\"eael-entry-content\">\n                        <div class=\"eael-grid-post-excerpt\"><p>Reforma laboral suspendida: un fallo clave que redefine el escenario jur\u00eddico La reciente medida cautelar obtenida por la CGT frente...<\/p><a\n                            href=\"https:\/\/estudio-mpc.com\/index.php\/2026\/03\/30\/medida-cautelar-contra-la-reforma-laboral-modernizacion\/\"\n                            class=\"eael-post-elements-readmore-btn\"\n                            \n                            \n                            >Leer m\u00e1s<\/a><\/div>\n                    <\/div><div class=\"eael-entry-footer\"><div class=\"eael-author-avatar\"><a href=\"https:\/\/estudio-mpc.com\/index.php\/author\/cpc_2n6tv9bd\/\"><img alt='' src='https:\/\/secure.gravatar.com\/avatar\/1072af9685c7ae74394e616e7d347071?s=96&#038;d=mm&#038;r=g' srcset='https:\/\/secure.gravatar.com\/avatar\/1072af9685c7ae74394e616e7d347071?s=192&#038;d=mm&#038;r=g 2x' class='avatar avatar-96 photo' height='96' width='96' loading='lazy'\/><\/a><\/div><div class=\"eael-entry-meta\"><span class=\"eael-posted-by\"><a href=\"https:\/\/estudio-mpc.com\/index.php\/author\/cpc_2n6tv9bd\/\" title=\"Entradas de Estudio MPC\" rel=\"author\"  itemprop=\"author\" itemscope=\"itemscope\" itemtype=\"https:\/\/schema.org\/Person\">Estudio MPC<\/a><\/span><span class=\"eael-posted-on\"><time datetime=\"marzo 30, 2026\">marzo 30, 2026<\/time><\/span><\/div><\/div><\/div><\/div>\n        <\/div>\n    <\/article><article class=\"eael-grid-post eael-post-grid-column\" data-id=\"26336\">\n        <div class=\"eael-grid-post-holder\">\n            <div class=\"eael-grid-post-holder-inner\"><div class=\"eael-entry-wrapper\"><header class=\"eael-entry-header\"><h2 class=\"eael-entry-title\"><a\n                        class=\"eael-grid-post-link\"\n                        href=\"https:\/\/estudio-mpc.com\/index.php\/2026\/03\/13\/incumplimiento-en-la-confeccion-de-un-vestido-de-15-condenan-a-un-local-de-caba-a-pagar-indemnizacion-y-dano-punitivo\/\"\n                        title=\"Incumplimiento en la confecci\u00f3n de un vestido de XV: condenan a un local de CABA a pagar indemnizaci\u00f3n y da\u00f1o punitivo\"\n                        \n                        \n                        >Incumplimiento en la confecci\u00f3n de un vestido de XV: condenan a un local de CABA a pagar indemnizaci\u00f3n y da\u00f1o punitivo<\/a><\/h2><\/header><div class=\"eael-entry-content\">\n                        <div class=\"eael-grid-post-excerpt\"><p>\u00bfPagaste una se\u00f1a y el producto nunca lleg\u00f3? La Justicia orden\u00f3 indemnizar a una consumidora. Nuestro estudio patrocin\u00f3 a la...<\/p><a\n                            href=\"https:\/\/estudio-mpc.com\/index.php\/2026\/03\/13\/incumplimiento-en-la-confeccion-de-un-vestido-de-15-condenan-a-un-local-de-caba-a-pagar-indemnizacion-y-dano-punitivo\/\"\n                            class=\"eael-post-elements-readmore-btn\"\n                            \n                            \n                            >Leer m\u00e1s<\/a><\/div>\n                    <\/div><div class=\"eael-entry-footer\"><div class=\"eael-author-avatar\"><a href=\"https:\/\/estudio-mpc.com\/index.php\/author\/cpc_2n6tv9bd\/\"><img alt='' src='https:\/\/secure.gravatar.com\/avatar\/1072af9685c7ae74394e616e7d347071?s=96&#038;d=mm&#038;r=g' srcset='https:\/\/secure.gravatar.com\/avatar\/1072af9685c7ae74394e616e7d347071?s=192&#038;d=mm&#038;r=g 2x' class='avatar avatar-96 photo' height='96' width='96' loading='lazy'\/><\/a><\/div><div class=\"eael-entry-meta\"><span class=\"eael-posted-by\"><a href=\"https:\/\/estudio-mpc.com\/index.php\/author\/cpc_2n6tv9bd\/\" title=\"Entradas de Estudio MPC\" rel=\"author\"  itemprop=\"author\" itemscope=\"itemscope\" itemtype=\"https:\/\/schema.org\/Person\">Estudio MPC<\/a><\/span><span class=\"eael-posted-on\"><time datetime=\"marzo 13, 2026\">marzo 13, 2026<\/time><\/span><\/div><\/div><\/div><\/div>\n        <\/div>\n    <\/article><article class=\"eael-grid-post eael-post-grid-column\" data-id=\"26333\">\n        <div class=\"eael-grid-post-holder\">\n            <div class=\"eael-grid-post-holder-inner\"><div class=\"eael-entry-media\"><div class=\"eael-entry-overlay fade-in\"><i class=\"fas fa-long-arrow-alt-right\" aria-hidden=\"true\"><\/i><a\n                            href=\"https:\/\/estudio-mpc.com\/index.php\/2025\/12\/30\/feria-judicial-enero-2026\/\"\n                            \n                            \n                        ><\/a><\/div><div class=\"eael-entry-thumbnail\">\n                                <img src=\"https:\/\/estudio-mpc.com\/wp-content\/uploads\/2025\/12\/VACACIONES-INFORMACION-SOBRE-ATENCION--240x300.jpeg\" alt=\"\">\n                            <\/div><\/div><div class=\"eael-entry-wrapper\"><header class=\"eael-entry-header\"><h2 class=\"eael-entry-title\"><a\n                        class=\"eael-grid-post-link\"\n                        href=\"https:\/\/estudio-mpc.com\/index.php\/2025\/12\/30\/feria-judicial-enero-2026\/\"\n                        title=\"FERIA JUDICIAL &#8211; ENERO 2026\"\n                        \n                        \n                        >FERIA JUDICIAL &#8211; ENERO 2026<\/a><\/h2><\/header><div class=\"eael-entry-content\">\n                        <div class=\"eael-grid-post-excerpt\"><p><\/p><a\n                            href=\"https:\/\/estudio-mpc.com\/index.php\/2025\/12\/30\/feria-judicial-enero-2026\/\"\n                            class=\"eael-post-elements-readmore-btn\"\n                            \n                            \n                            >Leer m\u00e1s<\/a><\/div>\n                    <\/div><div class=\"eael-entry-footer\"><div class=\"eael-author-avatar\"><a href=\"https:\/\/estudio-mpc.com\/index.php\/author\/cpc_2n6tv9bd\/\"><img alt='' src='https:\/\/secure.gravatar.com\/avatar\/1072af9685c7ae74394e616e7d347071?s=96&#038;d=mm&#038;r=g' srcset='https:\/\/secure.gravatar.com\/avatar\/1072af9685c7ae74394e616e7d347071?s=192&#038;d=mm&#038;r=g 2x' class='avatar avatar-96 photo' height='96' width='96' loading='lazy'\/><\/a><\/div><div class=\"eael-entry-meta\"><span class=\"eael-posted-by\"><a href=\"https:\/\/estudio-mpc.com\/index.php\/author\/cpc_2n6tv9bd\/\" title=\"Entradas de Estudio MPC\" rel=\"author\"  itemprop=\"author\" itemscope=\"itemscope\" itemtype=\"https:\/\/schema.org\/Person\">Estudio MPC<\/a><\/span><span class=\"eael-posted-on\"><time datetime=\"diciembre 30, 2025\">diciembre 30, 2025<\/time><\/span><\/div><\/div><\/div><\/div>\n        <\/div>\n    <\/article><\/div>\n            <div class=\"clearfix\"><\/div>\n        <\/div><div class=\"eael-load-more-button-wrap\">\n\t\t\t\t\t<button class=\"eael-load-more-button\" id=\"eael-load-more-btn-20a2de8\" data-widget=\"20a2de8\" data-template={\"dir\":\"free\",\"file_name\":\"default\",\"name\":\"Post-Grid\"} data-class=\"Essential_Addons_Elementor\\Elements\\Post_Grid\" data-args=\"orderby=date&order=desc&ignore_sticky_posts=1&post_status=publish&posts_per_page=4&offset=0&post_type=post\" data-settings=\"eael_show_image=yes&image_size=medium&eael_show_title=yes&eael_show_excerpt=yes&eael_show_meta=yes&meta_position=meta-entry-footer&eael_excerpt_length=20&eael_post_grid_hover_animation=fade-in&eael_post_grid_bg_hover_icon_new%5Bvalue%5D=fas+fa-long-arrow-alt-right&eael_post_grid_bg_hover_icon_new%5Blibrary%5D=fa-solid&eael_show_read_more_button=yes&read_more_button_text=Leer+m%C3%A1s&show_load_more=yes&show_load_more_text=Cargar+m%C3%A1s&excerpt_expanison_indicator=...&layout_mode=masonry&orderby=date&eael_show_post_terms=&eael_show_avatar=yes&eael_show_author=yes&eael_show_date=yes&title_link_nofollow=&title_link_target_blank=&read_more_link_nofollow=&read_more_link_target_blank=&image_link_nofollow=&image_link_target_blank=&eael_title_length=&eael_post_grid_preset_style=\" data-layout=\"masonry\" data-page=\"1\">\n\t\t\t\t\t\t<div class=\"eael-btn-loader button__loader\"><\/div>\n\t\t\t\t\t\t<span>Cargar m\u00e1s<\/span>\n\t\t\t\t\t<\/button>\n\t\t\t\t<\/div>\t\t<\/div>\n\t\t\t\t<\/div>\n\t\t\t\t\t\t<\/div>\n\t\t\t\t\t<\/div>\n\t\t<\/div>\n\t\t\t\t\t\t\t\t<\/div>\n\t\t\t\t\t<\/div>\n\t\t<\/section>\n\t\t\t\t<section class=\"elementor-section elementor-top-section elementor-element elementor-element-25afba82 elementor-section-boxed elementor-section-height-default elementor-section-height-default\" data-id=\"25afba82\" data-element_type=\"section\" data-settings=\"{&quot;background_background&quot;:&quot;classic&quot;}\">\n\t\t\t\t\t\t\t<div class=\"elementor-background-overlay\"><\/div>\n\t\t\t\t\t\t\t<div class=\"elementor-container elementor-column-gap-default\">\n\t\t\t\t\t\t\t<div class=\"elementor-row\">\n\t\t\t\t\t<div class=\"elementor-column elementor-col-33 elementor-top-column elementor-element elementor-element-33d9f615\" data-id=\"33d9f615\" data-element_type=\"column\">\n\t\t\t<div class=\"elementor-column-wrap elementor-element-populated\">\n\t\t\t\t\t\t\t<div class=\"elementor-widget-wrap\">\n\t\t\t\t\t\t<div class=\"elementor-element elementor-element-16f9215e elementor-hidden-desktop elementor-widget elementor-widget-spacer\" data-id=\"16f9215e\" data-element_type=\"widget\" data-widget_type=\"spacer.default\">\n\t\t\t\t<div class=\"elementor-widget-container\">\n\t\t\t\t\t<div class=\"elementor-spacer\">\n\t\t\t<div class=\"elementor-spacer-inner\"><\/div>\n\t\t<\/div>\n\t\t\t\t<\/div>\n\t\t\t\t<\/div>\n\t\t\t\t\t\t<\/div>\n\t\t\t\t\t<\/div>\n\t\t<\/div>\n\t\t\t\t<div class=\"elementor-column elementor-col-33 elementor-top-column elementor-element elementor-element-77068ae3\" data-id=\"77068ae3\" data-element_type=\"column\" data-settings=\"{&quot;background_background&quot;:&quot;classic&quot;}\">\n\t\t\t<div class=\"elementor-column-wrap elementor-element-populated\">\n\t\t\t\t\t\t\t<div class=\"elementor-widget-wrap\">\n\t\t\t\t\t\t<div class=\"elementor-element elementor-element-460b8815 elementor-widget elementor-widget-heading\" data-id=\"460b8815\" data-element_type=\"widget\" data-widget_type=\"heading.default\">\n\t\t\t\t<div class=\"elementor-widget-container\">\n\t\t\t<h1 class=\"elementor-heading-title elementor-size-default\">Ponete en contacto con nosotros<\/h1>\t\t<\/div>\n\t\t\t\t<\/div>\n\t\t\t\t<div class=\"elementor-element elementor-element-64b15dc4 elementor-widget-divider--view-line elementor-widget elementor-widget-divider\" data-id=\"64b15dc4\" data-element_type=\"widget\" data-widget_type=\"divider.default\">\n\t\t\t\t<div class=\"elementor-widget-container\">\n\t\t\t\t\t<div class=\"elementor-divider\">\n\t\t\t<span class=\"elementor-divider-separator\">\n\t\t\t\t\t\t<\/span>\n\t\t<\/div>\n\t\t\t\t<\/div>\n\t\t\t\t<\/div>\n\t\t\t\t<div class=\"elementor-element elementor-element-7f0dc95 elementor-widget elementor-widget-spacer\" data-id=\"7f0dc95\" data-element_type=\"widget\" data-widget_type=\"spacer.default\">\n\t\t\t\t<div class=\"elementor-widget-container\">\n\t\t\t\t\t<div class=\"elementor-spacer\">\n\t\t\t<div class=\"elementor-spacer-inner\"><\/div>\n\t\t<\/div>\n\t\t\t\t<\/div>\n\t\t\t\t<\/div>\n\t\t\t\t<div class=\"elementor-element elementor-element-21bdd387 eael-contact-form-7-button-custom elementor-widget elementor-widget-eael-contact-form-7\" data-id=\"21bdd387\" data-element_type=\"widget\" data-widget_type=\"eael-contact-form-7.default\">\n\t\t\t\t<div class=\"elementor-widget-container\">\n\t\t\t<div class=\"eael-contact-form-7-wrapper\">\n                <div class=\"eael-contact-form eael-contact-form-7 eael-contact-form-21bdd387 placeholder-show eael-contact-form-align-default\"><div class=\"eael-contact-form-7-heading\"><div class=\"eael-contact-form-description eael-contact-form-7-description\">\n                                    Envianos tus dudas o consultas y a la brevedad nos estaremos poniendo en contacto con vos.\n                                <\/div><\/div><div role=\"form\" class=\"wpcf7\" id=\"wpcf7-f25107-o1\" lang=\"es-ES\" dir=\"ltr\">\n<div class=\"screen-reader-response\"><p role=\"status\" aria-live=\"polite\" aria-atomic=\"true\"><\/p> <ul><\/ul><\/div>\n<form action=\"\/index.php\/wp-json\/wp\/v2\/pages\/25518#wpcf7-f25107-o1\" method=\"post\" class=\"wpcf7-form init\" novalidate=\"novalidate\" data-status=\"init\">\n<div style=\"display: none;\">\n<input type=\"hidden\" name=\"_wpcf7\" value=\"25107\" \/>\n<input type=\"hidden\" name=\"_wpcf7_version\" value=\"5.4.2\" \/>\n<input type=\"hidden\" name=\"_wpcf7_locale\" value=\"es_ES\" \/>\n<input type=\"hidden\" name=\"_wpcf7_unit_tag\" value=\"wpcf7-f25107-o1\" \/>\n<input type=\"hidden\" name=\"_wpcf7_container_post\" value=\"0\" \/>\n<input type=\"hidden\" name=\"_wpcf7_posted_data_hash\" value=\"\" \/>\n<input type=\"hidden\" name=\"_wpcf7_recaptcha_response\" value=\"\" \/>\n<\/div>\n<p><label><br \/>\n    <span class=\"wpcf7-form-control-wrap tu-nombre\"><input type=\"text\" name=\"tu-nombre\" value=\"\" size=\"40\" class=\"wpcf7-form-control wpcf7-text wpcf7-validates-as-required\" aria-required=\"true\" aria-invalid=\"false\" placeholder=\"Tu nombre\" \/><\/span> <\/label><\/p>\n<p><label><br \/>\n    <span class=\"wpcf7-form-control-wrap tu-email\"><input type=\"email\" name=\"tu-email\" value=\"\" size=\"40\" class=\"wpcf7-form-control wpcf7-text wpcf7-email wpcf7-validates-as-required wpcf7-validates-as-email\" aria-required=\"true\" aria-invalid=\"false\" placeholder=\"Tu correo electr\u00f3nico\" \/><\/span> <\/label><\/p>\n<p><label><br \/>\n<span class=\"wpcf7-form-control-wrap tel-155\"><input type=\"tel\" name=\"tel-155\" value=\"\" size=\"40\" class=\"wpcf7-form-control wpcf7-text wpcf7-tel wpcf7-validates-as-required wpcf7-validates-as-tel\" aria-required=\"true\" aria-invalid=\"false\" placeholder=\"Tu tel\u00e9fono\" \/><\/span> <\/label><\/p>\n<p><label><br \/>\n    <span class=\"wpcf7-form-control-wrap asunto\"><input type=\"text\" name=\"asunto\" value=\"\" size=\"40\" class=\"wpcf7-form-control wpcf7-text wpcf7-validates-as-required\" aria-required=\"true\" aria-invalid=\"false\" placeholder=\"Asunto\" \/><\/span> <\/label><\/p>\n<p><label><br \/>\n    <span class=\"wpcf7-form-control-wrap mensaje\"><textarea name=\"mensaje\" cols=\"40\" rows=\"10\" class=\"wpcf7-form-control wpcf7-textarea\" aria-invalid=\"false\" placeholder=\"Tu Mensaje\"><\/textarea><\/span> <\/label><\/p>\n<p><input type=\"submit\" value=\"Enviar\" class=\"wpcf7-form-control wpcf7-submit\" \/><\/p>\n<div class=\"wpcf7-response-output\" aria-hidden=\"true\"><\/div><\/form><\/div><\/div>\n            <\/div>\t\t<\/div>\n\t\t\t\t<\/div>\n\t\t\t\t\t\t<\/div>\n\t\t\t\t\t<\/div>\n\t\t<\/div>\n\t\t\t\t<div class=\"elementor-column elementor-col-33 elementor-top-column elementor-element elementor-element-60b22687\" data-id=\"60b22687\" data-element_type=\"column\">\n\t\t\t<div class=\"elementor-column-wrap elementor-element-populated\">\n\t\t\t\t\t\t\t<div class=\"elementor-widget-wrap\">\n\t\t\t\t\t\t<div class=\"elementor-element elementor-element-46a7d150 elementor-widget elementor-widget-spacer\" data-id=\"46a7d150\" data-element_type=\"widget\" data-widget_type=\"spacer.default\">\n\t\t\t\t<div class=\"elementor-widget-container\">\n\t\t\t\t\t<div class=\"elementor-spacer\">\n\t\t\t<div class=\"elementor-spacer-inner\"><\/div>\n\t\t<\/div>\n\t\t\t\t<\/div>\n\t\t\t\t<\/div>\n\t\t\t\t\t\t<\/div>\n\t\t\t\t\t<\/div>\n\t\t<\/div>\n\t\t\t\t\t\t\t\t<\/div>\n\t\t\t\t\t<\/div>\n\t\t<\/section>\n\t\t\t\t\t\t<\/div>\n\t\t\t\t\t\t<\/div>\n\t\t\t\t\t<\/div>\n\t\t","protected":false},"excerpt":{"rendered":"<p>Hello, I&#8217;m Brian. I&#8217;m a Freelance Copywriter. Molestie fringilla in id velit ullamcorper enim in diam nulla facilisis felis lorem ut nec et nibh nam aliquam sed mauris sed orci. Let&#8217;s Talk Learn More Facebook Twitter Youtube Some of the Amazing Clients I\u2019ve Worked With Services I Write Copy to Help You Deliver Message Et &hellip;<\/p>\n<p class=\"read-more\"> <a class=\"\" href=\"https:\/\/websitedemos.net\/freelance-copywriter-02\/\"> <span class=\"screen-reader-text\">Home<\/span> Read More &raquo;<\/a><\/p>\n","protected":false},"author":1,"featured_media":0,"parent":0,"menu_order":0,"comment_status":"closed","ping_status":"closed","template":"elementor_header_footer","meta":[],"_links":{"self":[{"href":"https:\/\/estudio-mpc.com\/index.php\/wp-json\/wp\/v2\/pages\/25518"}],"collection":[{"href":"https:\/\/estudio-mpc.com\/index.php\/wp-json\/wp\/v2\/pages"}],"about":[{"href":"https:\/\/estudio-mpc.com\/index.php\/wp-json\/wp\/v2\/types\/page"}],"author":[{"embeddable":true,"href":"https:\/\/estudio-mpc.com\/index.php\/wp-json\/wp\/v2\/users\/1"}],"replies":[{"embeddable":true,"href":"https:\/\/estudio-mpc.com\/index.php\/wp-json\/wp\/v2\/comments?post=25518"}],"version-history":[{"count":29,"href":"https:\/\/estudio-mpc.com\/index.php\/wp-json\/wp\/v2\/pages\/25518\/revisions"}],"predecessor-version":[{"id":25910,"href":"https:\/\/estudio-mpc.com\/index.php\/wp-json\/wp\/v2\/pages\/25518\/revisions\/25910"}],"wp:attachment":[{"href":"https:\/\/estudio-mpc.com\/index.php\/wp-json\/wp\/v2\/media?parent=25518"}],"curies":[{"name":"wp","href":"https:\/\/api.w.org\/{rel}","templated":true}]}}